{"id":2,"date":"2025-10-21T10:26:04","date_gmt":"2025-10-21T13:26:04","guid":{"rendered":"http:\/\/redeproj.com.br\/?page_id=2"},"modified":"2025-10-31T13:38:45","modified_gmt":"2025-10-31T16:38:45","slug":"pagina-exemplo","status":"publish","type":"page","link":"https:\/\/redeproj.com.br\/?page_id=2","title":{"rendered":"Quem Somos"},"content":{"rendered":"\n<p><\/p>\n\n\n\n<blockquote class=\"wp-block-quote is-layout-flow wp-block-quote-is-layout-flow\">\n<p>Somos uma Empresa de Pequeno Porte que atua na \u00e1rea de Telecomunica\u00e7\u00f5es. Estamos no mercado desde 2012 realizando nossas atividades em conjunto com prestadoras de servi\u00e7os terceirizados, provedores e operadoras.<\/p>\n\n\n\n<p>Nosso foco est\u00e1 na elabora\u00e7\u00e3o de projetos e constru\u00e7\u00e3o de redes e infraestrutura para backbones, redes GPON e atendimento \u00e0 clientes corporativos.<\/p>\n\n\n\n<p><\/p>\n<\/blockquote>\n\n\n\n<blockquote class=\"wp-block-quote is-layout-flow wp-block-quote-is-layout-flow\">\n<p>Somos uma empresa comprometida com a sustentabilidade e prezamos a parceria para atingir um prop\u00f3sito comum. Essa uni\u00e3o envolve responsabilidades partilhadas para alcan\u00e7ar benef\u00edcios m\u00fatuos.<\/p>\n<\/blockquote>\n\n\n\n<p><\/p>\n","protected":false},"excerpt":{"rendered":"<p>Somos uma Empresa de Pequeno Porte que atua na \u00e1rea de Telecomunica\u00e7\u00f5es. Estamos no mercado desde 2012 realizando nossas atividades em conjunto com prestadoras de servi\u00e7os terceirizados, provedores e operadoras. Nosso foco est\u00e1 na elabora\u00e7\u00e3o de projetos e constru\u00e7\u00e3o de redes e infraestrutura para backbones, redes GPON e atendimento \u00e0 clientes corporativos. Somos uma empresa [&hellip;]<\/p>\n","protected":false},"author":1,"featured_media":0,"parent":0,"menu_order":0,"comment_status":"closed","ping_status":"open","template":"","meta":{"footnotes":""},"class_list":["post-2","page","type-page","status-publish","hentry"],"_links":{"self":[{"href":"https:\/\/redeproj.com.br\/index.php?rest_route=\/wp\/v2\/pages\/2","targetHints":{"allow":["GET"]}}],"collection":[{"href":"https:\/\/redeproj.com.br\/index.php?rest_route=\/wp\/v2\/pages"}],"about":[{"href":"https:\/\/redeproj.com.br\/index.php?rest_route=\/wp\/v2\/types\/page"}],"author":[{"embeddable":true,"href":"https:\/\/redeproj.com.br\/index.php?rest_route=\/wp\/v2\/users\/1"}],"replies":[{"embeddable":true,"href":"https:\/\/redeproj.com.br\/index.php?rest_route=%2Fwp%2Fv2%2Fcomments&post=2"}],"version-history":[{"count":7,"href":"https:\/\/redeproj.com.br\/index.php?rest_route=\/wp\/v2\/pages\/2\/revisions"}],"predecessor-version":[{"id":144,"href":"https:\/\/redeproj.com.br\/index.php?rest_route=\/wp\/v2\/pages\/2\/revisions\/144"}],"wp:attachment":[{"href":"https:\/\/redeproj.com.br\/index.php?rest_route=%2Fwp%2Fv2%2Fmedia&parent=2"}],"curies":[{"name":"wp","href":"https:\/\/api.w.org\/{rel}","templated":true}]}}