{"id":98,"date":"2025-10-30T14:03:46","date_gmt":"2025-10-30T17:03:46","guid":{"rendered":"https:\/\/redeproj.com.br\/?page_id=98"},"modified":"2025-10-31T15:49:04","modified_gmt":"2025-10-31T18:49:04","slug":"equipe","status":"publish","type":"page","link":"https:\/\/redeproj.com.br\/?page_id=98","title":{"rendered":"Equipe"},"content":{"rendered":"\n<div class=\"wp-block-group alignfull has-accent-background-color has-background has-global-padding is-layout-constrained wp-container-core-group-is-layout-669513ed wp-block-group-is-layout-constrained\" style=\"margin-top:0;margin-bottom:0;padding-top:var(--wp--preset--spacing--50);padding-right:var(--wp--preset--spacing--50);padding-bottom:var(--wp--preset--spacing--50);padding-left:var(--wp--preset--spacing--50)\">\n<div class=\"wp-block-columns alignwide is-layout-flex wp-container-core-columns-is-layout-1da03c2a wp-block-columns-is-layout-flex\">\n<div class=\"wp-block-column is-vertically-aligned-stretch is-layout-flow wp-block-column-is-layout-flow\" style=\"flex-basis:50%\">\n<div class=\"wp-block-group is-vertical is-content-justification-stretch is-layout-flex wp-container-core-group-is-layout-444d5ee8 wp-block-group-is-layout-flex\" style=\"min-height:100%\">\n<p class=\"has-heading-font-family has-x-large-font-size\" style=\"line-height:1.2\">Com uma equipe experiente e capacitada, a RedeProj possui atualmente uma estrutura de gest\u00e3o, com engenheiro, coordenadores e supervisores, capazes de gerir todas as atividades e  equipes com efici\u00eancia, al\u00e9m de n\u00edveis de responsabilidades e processos de escalonamento bem definidos capazes de responder prontamente as solicita\u00e7\u00f5es dos parceiros. <\/p>\n<\/div>\n<\/div>\n\n\n\n<div class=\"wp-block-column is-vertically-aligned-center is-layout-flow wp-block-column-is-layout-flow\" style=\"flex-basis:50%\">\n<figure class=\"wp-block-image size-full is-style-rounded is-style-rounded--1\"><img loading=\"lazy\" decoding=\"async\" width=\"612\" height=\"408\" src=\"https:\/\/redeproj.com.br\/wp-content\/uploads\/2025\/10\/WhatsApp-Image-2025-10-22-at-18.52.19.jpeg\" alt=\"\" class=\"wp-image-120\" style=\"aspect-ratio:3\/4;object-fit:cover\" srcset=\"https:\/\/redeproj.com.br\/wp-content\/uploads\/2025\/10\/WhatsApp-Image-2025-10-22-at-18.52.19.jpeg 612w, https:\/\/redeproj.com.br\/wp-content\/uploads\/2025\/10\/WhatsApp-Image-2025-10-22-at-18.52.19-300x200.jpeg 300w\" sizes=\"auto, (max-width: 612px) 100vw, 612px\" \/><\/figure>\n<\/div>\n<\/div>\n<\/div>\n","protected":false},"excerpt":{"rendered":"<p>Com uma equipe experiente e capacitada, a RedeProj possui atualmente uma estrutura de gest\u00e3o, com engenheiro, coordenadores e supervisores, capazes de gerir todas as atividades e equipes com efici\u00eancia, al\u00e9m de n\u00edveis de responsabilidades e processos de escalonamento bem definidos capazes de responder prontamente as solicita\u00e7\u00f5es dos parceiros.<\/p>\n","protected":false},"author":1,"featured_media":0,"parent":0,"menu_order":0,"comment_status":"closed","ping_status":"closed","template":"","meta":{"footnotes":""},"class_list":["post-98","page","type-page","status-publish","hentry"],"_links":{"self":[{"href":"https:\/\/redeproj.com.br\/index.php?rest_route=\/wp\/v2\/pages\/98","targetHints":{"allow":["GET"]}}],"collection":[{"href":"https:\/\/redeproj.com.br\/index.php?rest_route=\/wp\/v2\/pages"}],"about":[{"href":"https:\/\/redeproj.com.br\/index.php?rest_route=\/wp\/v2\/types\/page"}],"author":[{"embeddable":true,"href":"https:\/\/redeproj.com.br\/index.php?rest_route=\/wp\/v2\/users\/1"}],"replies":[{"embeddable":true,"href":"https:\/\/redeproj.com.br\/index.php?rest_route=%2Fwp%2Fv2%2Fcomments&post=98"}],"version-history":[{"count":4,"href":"https:\/\/redeproj.com.br\/index.php?rest_route=\/wp\/v2\/pages\/98\/revisions"}],"predecessor-version":[{"id":170,"href":"https:\/\/redeproj.com.br\/index.php?rest_route=\/wp\/v2\/pages\/98\/revisions\/170"}],"wp:attachment":[{"href":"https:\/\/redeproj.com.br\/index.php?rest_route=%2Fwp%2Fv2%2Fmedia&parent=98"}],"curies":[{"name":"wp","href":"https:\/\/api.w.org\/{rel}","templated":true}]}}