{"id":99,"date":"2025-10-30T14:03:40","date_gmt":"2025-10-30T17:03:40","guid":{"rendered":"https:\/\/redeproj.com.br\/?page_id=99"},"modified":"2025-10-31T15:35:25","modified_gmt":"2025-10-31T18:35:25","slug":"historia","status":"publish","type":"page","link":"https:\/\/redeproj.com.br\/?page_id=99","title":{"rendered":"Hist\u00f3ria"},"content":{"rendered":"\n<div class=\"wp-block-group alignfull has-accent-2-background-color has-background has-global-padding is-layout-constrained wp-container-core-group-is-layout-669513ed wp-block-group-is-layout-constrained\" style=\"margin-top:0;margin-bottom:0;padding-top:var(--wp--preset--spacing--50);padding-right:var(--wp--preset--spacing--50);padding-bottom:var(--wp--preset--spacing--50);padding-left:var(--wp--preset--spacing--50)\">\n<div class=\"wp-block-columns alignwide is-layout-flex wp-container-core-columns-is-layout-28f84493 wp-block-columns-is-layout-flex\">\n<div class=\"wp-block-column is-layout-flow wp-block-column-is-layout-flow\" style=\"flex-basis:40%\">\n<p class=\"wp-container-content-0733e5d0\">SMJ &#8211; UMA HIST\u00d3RIA DE AMBI\u00c7\u00c3O E DESAFIOS<\/p>\n\n\n\n<p>Fundada em Setembro de 2012 como SMJ &#8211; SOLU\u00c7\u00d5ES DE DESENHOS para atender a demanda de projetos para expans\u00e3o da rede met\u00e1lica e \u00f3ptica da GVT, atual VIVO. Posteriormente expandiu seus atendimentos para outras grandes operadoras, como Tim, Claro e Algar, com implanta\u00e7\u00e3o e execu\u00e7\u00e3o de projetos \u00f3pticos \u00e0 sites, backbones e clientes corporativos, passando a ser conhecida como <strong>RedeProj<\/strong>.<\/p>\n\n\n\n<p>Embora a <strong>RedeProj<\/strong> seja uma empresa jovem em termos de cronologia, j\u00e1 tornou-se refer\u00eancia no setor de telecom pelo modelo inovador de neg\u00f3cio, a solidez da sua proposta de valor e a rela\u00e7\u00e3o de confian\u00e7a consolidada com os seus parceiros.<\/p>\n\n\n\n<p>Ao longo de sua hist\u00f3ria, a <strong>RedeProj<\/strong> tem implantado redes \u00f3pticas nos Estados de Pernambuco, Para\u00edba, Alagoas e Rio Grande do Norte, contribuindo com a conex\u00e3o entre Comunidades, Munic\u00edpios e Estados, fortalecendo uma conex\u00e3o de internet de alta velocidade para o uso di\u00e1rio das pessoas. <\/p>\n\n\n\n<p>No que diz respeito a sua proposta de valor, \u00e9 consequ\u00eancia do elevado n\u00edvel de exig\u00eancia na escolha dos profissionais que a comp\u00f5em, dos processos de operacionais desenvolvidos, da busca constante pela excel\u00eancia em servir, o que tem permitido garantir n\u00edveis de disponibilidade e de servi\u00e7o compar\u00e1veis \u00e0s pr\u00e1ticas mais exigentes do setor.<\/p>\n\n\n\n<p>Finalmente, a rela\u00e7\u00e3o de confian\u00e7a constru\u00edda com seus parceiros \u00e9 o resultado constantes de intera\u00e7\u00f5es desenvolvidas ao longo destes anos entre os profissionais da nossa equipe e nossos clientes operadores, de forma a envolver honestidade, comunica\u00e7\u00e3o clara e cumprimento de compromissos.<\/p>\n\n\n\n<p>Apesar dos resultados alcan\u00e7ados, a hist\u00f3ria da <strong>RedeProj<\/strong> est\u00e1 marcada n\u00e3o s\u00f3 por esta ambi\u00e7\u00e3o de inovar com um modelo colaborativo de servi\u00e7os prestados num setor t\u00e3o competitivo, mas tamb\u00e9m pelos in\u00fameros desafios tecnol\u00f3gicos, construtivos e estrat\u00e9gicos que foram ultrapassados para o conseguir.<\/p>\n\n\n\n<p>Durante os pr\u00f3ximos anos esfor\u00e7os n\u00e3o ser\u00e3o poupados para continuar a propagar nosso modelo de gest\u00e3o, de colabora\u00e7\u00e3o estrat\u00e9gica entre empresas para atingir objetivos comuns, como expandir e otimizar recursos, inovar e aceder a novas tecnologias nas telecomunica\u00e7\u00f5es e, assim, continuar a enriquecer a hist\u00f3ria da empresa.<\/p>\n\n\n\n<p><\/p>\n<\/div>\n<\/div>\n\n\n\n<div style=\"height:var(--wp--preset--spacing--40)\" aria-hidden=\"true\" class=\"wp-block-spacer\"><\/div>\n<\/div>\n","protected":false},"excerpt":{"rendered":"<p>SMJ &#8211; UMA HIST\u00d3RIA DE AMBI\u00c7\u00c3O E DESAFIOS Fundada em Setembro de 2012 como SMJ &#8211; SOLU\u00c7\u00d5ES DE DESENHOS para atender a demanda de projetos para expans\u00e3o da rede met\u00e1lica e \u00f3ptica da GVT, atual VIVO. Posteriormente expandiu seus atendimentos para outras grandes operadoras, como Tim, Claro e Algar, com implanta\u00e7\u00e3o e execu\u00e7\u00e3o de projetos [&hellip;]<\/p>\n","protected":false},"author":1,"featured_media":0,"parent":0,"menu_order":0,"comment_status":"closed","ping_status":"closed","template":"","meta":{"footnotes":""},"class_list":["post-99","page","type-page","status-publish","hentry"],"_links":{"self":[{"href":"https:\/\/redeproj.com.br\/index.php?rest_route=\/wp\/v2\/pages\/99","targetHints":{"allow":["GET"]}}],"collection":[{"href":"https:\/\/redeproj.com.br\/index.php?rest_route=\/wp\/v2\/pages"}],"about":[{"href":"https:\/\/redeproj.com.br\/index.php?rest_route=\/wp\/v2\/types\/page"}],"author":[{"embeddable":true,"href":"https:\/\/redeproj.com.br\/index.php?rest_route=\/wp\/v2\/users\/1"}],"replies":[{"embeddable":true,"href":"https:\/\/redeproj.com.br\/index.php?rest_route=%2Fwp%2Fv2%2Fcomments&post=99"}],"version-history":[{"count":10,"href":"https:\/\/redeproj.com.br\/index.php?rest_route=\/wp\/v2\/pages\/99\/revisions"}],"predecessor-version":[{"id":168,"href":"https:\/\/redeproj.com.br\/index.php?rest_route=\/wp\/v2\/pages\/99\/revisions\/168"}],"wp:attachment":[{"href":"https:\/\/redeproj.com.br\/index.php?rest_route=%2Fwp%2Fv2%2Fmedia&parent=99"}],"curies":[{"name":"wp","href":"https:\/\/api.w.org\/{rel}","templated":true}]}}